{"id":1296,"date":"2018-07-26T07:02:59","date_gmt":"2018-07-26T07:02:59","guid":{"rendered":"https:\/\/demo.ovatheme.com\/ireca\/?page_id=1296"},"modified":"2023-11-16T10:04:13","modified_gmt":"2023-11-16T10:04:13","slug":"o-nama","status":"publish","type":"page","link":"https:\/\/carrental.ba\/en\/o-nama\/","title":{"rendered":"O nama"},"content":{"rendered":"<div data-elementor-type=\"wp-post\" data-elementor-id=\"1296\" class=\"elementor elementor-1296\" data-elementor-post-type=\"page\">\n\t\t\t\t\t\t\t<div class=\"elementor-element elementor-element-169e9de e-con-full e-flex e-con e-parent\" data-id=\"169e9de\" data-element_type=\"container\" data-settings=\"{&quot;content_width&quot;:&quot;full&quot;,&quot;background_background&quot;:&quot;classic&quot;,&quot;shape_divider_bottom&quot;:&quot;curve&quot;,&quot;shape_divider_bottom_negative&quot;:&quot;yes&quot;}\" data-core-v316-plus=\"true\">\n\t\t\t\t<div class=\"elementor-shape elementor-shape-bottom\" data-negative=\"true\">\n\t\t\t<svg xmlns=\"http:\/\/www.w3.org\/2000\/svg\" viewbox=\"0 0 1000 100\" preserveaspectratio=\"none\">\n\t<path class=\"elementor-shape-fill\" d=\"M500,97C126.7,96.3,0.8,19.8,0,0v100l1000,0V1C1000,19.4,873.3,97.8,500,97z\"\/>\n<\/svg>\t\t<\/div>\n\t\t\t\t<div class=\"elementor-element elementor-element-2bca5e6 elementor-widget elementor-widget-spacer\" data-id=\"2bca5e6\" data-element_type=\"widget\" data-widget_type=\"spacer.default\">\n\t\t\t\t<div class=\"elementor-widget-container\">\n\t\t\t<style>\/*! elementor - v3.16.0 - 20-09-2023 *\/\n.elementor-column .elementor-spacer-inner{height:var(--spacer-size)}.e-con{--container-widget-width:100%}.e-con-inner>.elementor-widget-spacer,.e-con>.elementor-widget-spacer{width:var(--container-widget-width,var(--spacer-size));--align-self:var(--container-widget-align-self,initial);--flex-shrink:0}.e-con-inner>.elementor-widget-spacer>.elementor-widget-container,.e-con>.elementor-widget-spacer>.elementor-widget-container{height:100%;width:100%}.e-con-inner>.elementor-widget-spacer>.elementor-widget-container>.elementor-spacer,.e-con>.elementor-widget-spacer>.elementor-widget-container>.elementor-spacer{height:100%}.e-con-inner>.elementor-widget-spacer>.elementor-widget-container>.elementor-spacer>.elementor-spacer-inner,.e-con>.elementor-widget-spacer>.elementor-widget-container>.elementor-spacer>.elementor-spacer-inner{height:var(--container-widget-height,var(--spacer-size))}.e-con-inner>.elementor-widget-spacer.elementor-widget-empty,.e-con>.elementor-widget-spacer.elementor-widget-empty{position:relative;min-height:22px;min-width:22px}.e-con-inner>.elementor-widget-spacer.elementor-widget-empty .elementor-widget-empty-icon,.e-con>.elementor-widget-spacer.elementor-widget-empty .elementor-widget-empty-icon{position:absolute;top:0;bottom:0;left:0;right:0;margin:auto;padding:0;width:22px;height:22px}<\/style>\t\t<div class=\"elementor-spacer\">\n\t\t\t<div class=\"elementor-spacer-inner\"><\/div>\n\t\t<\/div>\n\t\t\t\t<\/div>\n\t\t\t\t<\/div>\n\t\t\t\t<div class=\"elementor-element elementor-element-271fa83 animated-slow elementor-invisible elementor-widget elementor-widget-heading\" data-id=\"271fa83\" data-element_type=\"widget\" data-settings=\"{&quot;_animation&quot;:&quot;fadeIn&quot;}\" data-widget_type=\"heading.default\">\n\t\t\t\t<div class=\"elementor-widget-container\">\n\t\t\t<style>\/*! elementor - v3.16.0 - 20-09-2023 *\/\n.elementor-heading-title{padding:0;margin:0;line-height:1}.elementor-widget-heading .elementor-heading-title[class*=elementor-size-]>a{color:inherit;font-size:inherit;line-height:inherit}.elementor-widget-heading .elementor-heading-title.elementor-size-small{font-size:15px}.elementor-widget-heading .elementor-heading-title.elementor-size-medium{font-size:19px}.elementor-widget-heading .elementor-heading-title.elementor-size-large{font-size:29px}.elementor-widget-heading .elementor-heading-title.elementor-size-xl{font-size:39px}.elementor-widget-heading .elementor-heading-title.elementor-size-xxl{font-size:59px}<\/style><h1 class=\"elementor-heading-title elementor-size-default\">O NAMA<\/h1>\t\t<\/div>\n\t\t\t\t<\/div>\n\t\t\t\t<div class=\"elementor-element elementor-element-d97099a elementor-widget elementor-widget-spacer\" data-id=\"d97099a\" data-element_type=\"widget\" data-widget_type=\"spacer.default\">\n\t\t\t\t<div class=\"elementor-widget-container\">\n\t\t\t\t\t<div class=\"elementor-spacer\">\n\t\t\t<div class=\"elementor-spacer-inner\"><\/div>\n\t\t<\/div>\n\t\t\t\t<\/div>\n\t\t\t\t<\/div>\n\t\t\t\t<\/div>\n\t\t\t\t<section class=\"elementor-section elementor-top-section elementor-element elementor-element-ba0b159 elementor-section-boxed elementor-section-height-default elementor-section-height-default\" data-id=\"ba0b159\" data-element_type=\"section\">\n\t\t\t\t\t\t<div class=\"elementor-container elementor-column-gap-default\">\n\t\t\t\t\t<div class=\"elementor-column elementor-col-100 elementor-top-column elementor-element elementor-element-4cb8775\" data-id=\"4cb8775\" data-element_type=\"column\">\n\t\t\t<div class=\"elementor-widget-wrap elementor-element-populated\">\n\t\t\t\t\t\t\t\t<div class=\"elementor-element elementor-element-74ea7fe animated-slow elementor-invisible elementor-widget elementor-widget-ovacrs_heading3\" data-id=\"74ea7fe\" data-element_type=\"widget\" data-settings=\"{&quot;_animation&quot;:&quot;fadeInUp&quot;}\" data-widget_type=\"ovacrs_heading3.default\">\n\t\t\t\t<div class=\"elementor-widget-container\">\n\t\t\t<div class=\"ovacrs_heading3  text-center\"><h3 class=\"title border_yes\"><span>CARGO<\/span><\/h3><div class=\"desc\"><p>Va\u0161 pouzdani partner u putovanjima. Nudimo \u0161irok spektar vrhunskih automobila, prilago\u0111enih va\u0161im potrebama. Sa fokusom na pristupa\u010dnosti, kvalitetu i sigurnosti, CarGo se isti\u010de kao brend koji pru\u017ea nezaboravno iskustvo svakom putniku. Na\u0161 tim posve\u0107enih profesionalaca uvijek je tu da vam omogu\u0107i bezbri\u017eno putovanje, bilo da je rije\u010d o poslovnim sastancima, odmoru ili svakodnevnim vo\u017enjama. Oslonite se na nas za visok standard usluge, transparentnost u poslovanju i jednostavno iskustvo iznajmljivanja vozila. Dobrodo\u0161li u svijet CarGo, gdje va\u0161e putovanje postaje ne samo vo\u017enja, ve\u0107 prava avantura.<\/p><\/div><\/div>\t\t<\/div>\n\t\t\t\t<\/div>\n\t\t\t\t\t<\/div>\n\t\t<\/div>\n\t\t\t\t\t\t\t<\/div>\n\t\t<\/section>\n\t\t\t\t<section class=\"elementor-section elementor-top-section elementor-element elementor-element-513f879 elementor-section-boxed elementor-section-height-default elementor-section-height-default\" data-id=\"513f879\" data-element_type=\"section\">\n\t\t\t\t\t\t<div class=\"elementor-container elementor-column-gap-default\">\n\t\t\t\t\t<div class=\"elementor-column elementor-col-100 elementor-top-column elementor-element elementor-element-68eff7a\" data-id=\"68eff7a\" data-element_type=\"column\">\n\t\t\t<div class=\"elementor-widget-wrap elementor-element-populated\">\n\t\t\t\t\t\t\t\t<div class=\"elementor-element elementor-element-4d85787 animated-slow elementor-invisible elementor-widget elementor-widget-image\" data-id=\"4d85787\" data-element_type=\"widget\" data-settings=\"{&quot;_animation&quot;:&quot;fadeInUp&quot;}\" data-widget_type=\"image.default\">\n\t\t\t\t<div class=\"elementor-widget-container\">\n\t\t\t<style>\/*! elementor - v3.16.0 - 20-09-2023 *\/\n.elementor-widget-image{text-align:center}.elementor-widget-image a{display:inline-block}.elementor-widget-image a img[src$=\".svg\"]{width:48px}.elementor-widget-image img{vertical-align:middle;display:inline-block}<\/style>\t\t\t\t\t\t\t\t\t\t\t\t<img loading=\"lazy\" decoding=\"async\" width=\"984\" height=\"272\" src=\"https:\/\/carrental.ba\/wp-content\/uploads\/2023\/11\/flotaa.png\" class=\"attachment-large size-large wp-image-3924\" alt=\"\" srcset=\"https:\/\/carrental.ba\/wp-content\/uploads\/2023\/11\/flotaa.png 984w, https:\/\/carrental.ba\/wp-content\/uploads\/2023\/11\/flotaa-300x83.png 300w, https:\/\/carrental.ba\/wp-content\/uploads\/2023\/11\/flotaa-768x212.png 768w, https:\/\/carrental.ba\/wp-content\/uploads\/2023\/11\/flotaa-18x5.png 18w, https:\/\/carrental.ba\/wp-content\/uploads\/2023\/11\/flotaa-350x97.png 350w, https:\/\/carrental.ba\/wp-content\/uploads\/2023\/11\/flotaa-600x166.png 600w\" sizes=\"auto, (max-width: 984px) 100vw, 984px\" \/>\t\t\t\t\t\t\t\t\t\t\t\t\t\t\t<\/div>\n\t\t\t\t<\/div>\n\t\t\t\t\t<\/div>\n\t\t<\/div>\n\t\t\t\t\t\t\t<\/div>\n\t\t<\/section>\n\t\t\t\t<section class=\"elementor-section elementor-top-section elementor-element elementor-element-12b92f5 elementor-section-boxed elementor-section-height-default elementor-section-height-default\" data-id=\"12b92f5\" data-element_type=\"section\">\n\t\t\t\t\t\t<div class=\"elementor-container elementor-column-gap-default\">\n\t\t\t\t\t<div class=\"elementor-column elementor-col-33 elementor-top-column elementor-element elementor-element-e3ab54a animated-slow elementor-invisible\" data-id=\"e3ab54a\" data-element_type=\"column\" data-settings=\"{&quot;animation&quot;:&quot;fadeInLeft&quot;}\">\n\t\t\t<div class=\"elementor-widget-wrap elementor-element-populated\">\n\t\t\t\t\t\t\t\t<div class=\"elementor-element elementor-element-1aea56c elementor-widget elementor-widget-ovacrs_service_repair\" data-id=\"1aea56c\" data-element_type=\"widget\" data-widget_type=\"ovacrs_service_repair.default\">\n\t\t\t\t<div class=\"elementor-widget-container\">\n\t\t\t<div class=\"ireca_service_repair\" ><i class=\"flaticon-price-tag\"><\/i><div class=\"content\"><h3><a target=\"_self\" href=\"#\">PRISTUPA\u010cNO<\/a><\/h3><div class=\"desc\">Dostupno svima, prilago\u0111eno razli\u010ditim potrebama i pristupa\u010dno svakom bud\u017eetu.<\/div><\/div><\/div>\t\t<\/div>\n\t\t\t\t<\/div>\n\t\t\t\t\t<\/div>\n\t\t<\/div>\n\t\t\t\t<div class=\"elementor-column elementor-col-33 elementor-top-column elementor-element elementor-element-641b6ac animated-slow elementor-invisible\" data-id=\"641b6ac\" data-element_type=\"column\" data-settings=\"{&quot;animation&quot;:&quot;fadeInUp&quot;}\">\n\t\t\t<div class=\"elementor-widget-wrap elementor-element-populated\">\n\t\t\t\t\t\t\t\t<div class=\"elementor-element elementor-element-67e6ded elementor-widget elementor-widget-ovacrs_service_repair\" data-id=\"67e6ded\" data-element_type=\"widget\" data-widget_type=\"ovacrs_service_repair.default\">\n\t\t\t\t<div class=\"elementor-widget-container\">\n\t\t\t<div class=\"ireca_service_repair\" ><i class=\"carflaticon-car-oil\"><\/i><div class=\"content\"><h3><a target=\"_self\" href=\"#\">KVALITETNO<\/a><\/h3><div class=\"desc\">Visokokvalitetno iskustvo, gdje svaki detalj zadovoljava najvi\u0161e standarde izvrsnosti.<\/div><\/div><\/div>\t\t<\/div>\n\t\t\t\t<\/div>\n\t\t\t\t\t<\/div>\n\t\t<\/div>\n\t\t\t\t<div class=\"elementor-column elementor-col-33 elementor-top-column elementor-element elementor-element-cc1f56e animated-slow elementor-invisible\" data-id=\"cc1f56e\" data-element_type=\"column\" data-settings=\"{&quot;animation&quot;:&quot;fadeInRight&quot;}\">\n\t\t\t<div class=\"elementor-widget-wrap elementor-element-populated\">\n\t\t\t\t\t\t\t\t<div class=\"elementor-element elementor-element-6ea4e5a elementor-widget elementor-widget-ovacrs_service_repair\" data-id=\"6ea4e5a\" data-element_type=\"widget\" data-widget_type=\"ovacrs_service_repair.default\">\n\t\t\t\t<div class=\"elementor-widget-container\">\n\t\t\t<div class=\"ireca_service_repair\" ><i class=\"flaticon-like\"><\/i><div class=\"content\"><h3><a target=\"_self\" href=\"#\">POUZDANO<\/a><\/h3><div class=\"desc\">Pouzdano i sigurno rje\u0161enje, osigurava stabilnost i kvalitetu u svakom trenutku.<\/div><\/div><\/div>\t\t<\/div>\n\t\t\t\t<\/div>\n\t\t\t\t\t<\/div>\n\t\t<\/div>\n\t\t\t\t\t\t\t<\/div>\n\t\t<\/section>\n\t\t\t\t<section class=\"elementor-section elementor-top-section elementor-element elementor-element-6ad6f05 elementor-section-stretched elementor-section-full_width elementor-section-height-default elementor-section-height-default\" data-id=\"6ad6f05\" data-element_type=\"section\" data-settings=\"{&quot;stretch_section&quot;:&quot;section-stretched&quot;}\">\n\t\t\t\t\t\t<div class=\"elementor-container elementor-column-gap-no\">\n\t\t\t\t\t<div class=\"elementor-column elementor-col-33 elementor-top-column elementor-element elementor-element-a6cbef1 animated-slow elementor-invisible\" data-id=\"a6cbef1\" data-element_type=\"column\" data-settings=\"{&quot;background_background&quot;:&quot;classic&quot;,&quot;animation&quot;:&quot;fadeIn&quot;}\">\n\t\t\t<div class=\"elementor-widget-wrap elementor-element-populated\">\n\t\t\t\t\t\t\t\t<div class=\"elementor-element elementor-element-c30824e elementor-widget elementor-widget-ovacrs_service_item\" data-id=\"c30824e\" data-element_type=\"widget\" data-widget_type=\"ovacrs_service_item.default\">\n\t\t\t\t<div class=\"elementor-widget-container\">\n\t\t\t<div class=\"ireca_service_item\" style=\"background-color: #e9a31b\"><i class=\"fas fa-car\"><\/i><h3>CAR RENTAL<\/h3><\/div>\t\t<\/div>\n\t\t\t\t<\/div>\n\t\t\t\t\t<\/div>\n\t\t<\/div>\n\t\t\t\t<div class=\"elementor-column elementor-col-33 elementor-top-column elementor-element elementor-element-03a13b3 animated-slow elementor-invisible\" data-id=\"03a13b3\" data-element_type=\"column\" data-settings=\"{&quot;background_background&quot;:&quot;classic&quot;,&quot;animation&quot;:&quot;fadeIn&quot;}\">\n\t\t\t<div class=\"elementor-widget-wrap elementor-element-populated\">\n\t\t\t\t\t\t\t\t<div class=\"elementor-element elementor-element-efce50b elementor-widget elementor-widget-ovacrs_service_item\" data-id=\"efce50b\" data-element_type=\"widget\" data-widget_type=\"ovacrs_service_item.default\">\n\t\t\t\t<div class=\"elementor-widget-container\">\n\t\t\t<div class=\"ireca_service_item\" style=\"background-color: #183357\"><i class=\"fas fa-shopping-cart\"><\/i><h3>DODATNE USLUGE<\/h3><\/div>\t\t<\/div>\n\t\t\t\t<\/div>\n\t\t\t\t\t<\/div>\n\t\t<\/div>\n\t\t\t\t<div class=\"elementor-column elementor-col-33 elementor-top-column elementor-element elementor-element-47837bd animated-slow elementor-invisible\" data-id=\"47837bd\" data-element_type=\"column\" data-settings=\"{&quot;background_background&quot;:&quot;classic&quot;,&quot;animation&quot;:&quot;fadeIn&quot;}\">\n\t\t\t<div class=\"elementor-widget-wrap elementor-element-populated\">\n\t\t\t\t\t\t\t\t<div class=\"elementor-element elementor-element-6c854d4 elementor-widget elementor-widget-ovacrs_service_item\" data-id=\"6c854d4\" data-element_type=\"widget\" data-widget_type=\"ovacrs_service_item.default\">\n\t\t\t\t<div class=\"elementor-widget-container\">\n\t\t\t<div class=\"ireca_service_item\" style=\"background-color: #343434\"><i class=\"fas fa-cog\"><\/i><h3>TEHNI\u010cKA POMO\u0106<\/h3><\/div>\t\t<\/div>\n\t\t\t\t<\/div>\n\t\t\t\t\t<\/div>\n\t\t<\/div>\n\t\t\t\t\t\t\t<\/div>\n\t\t<\/section>\n\t\t\t\t<section class=\"elementor-section elementor-top-section elementor-element elementor-element-d1409d6 elementor-section-stretched elementor-section-full_width elementor-section-height-default elementor-section-height-default\" data-id=\"d1409d6\" data-element_type=\"section\" data-settings=\"{&quot;stretch_section&quot;:&quot;section-stretched&quot;}\">\n\t\t\t\t\t\t<div class=\"elementor-container elementor-column-gap-no\">\n\t\t\t\t\t<div class=\"elementor-column elementor-col-50 elementor-top-column elementor-element elementor-element-e799955\" data-id=\"e799955\" data-element_type=\"column\">\n\t\t\t<div class=\"elementor-widget-wrap elementor-element-populated\">\n\t\t\t\t\t\t\t\t<div class=\"elementor-element elementor-element-af2ae13 animated-slow elementor-invisible elementor-widget elementor-widget-ovacrs_img_skew\" data-id=\"af2ae13\" data-element_type=\"widget\" data-settings=\"{&quot;_animation&quot;:&quot;fadeInLeft&quot;}\" data-widget_type=\"ovacrs_img_skew.default\">\n\t\t\t\t<div class=\"elementor-widget-container\">\n\t\t\t<div class=\"img_skew  left\" style=\"background: url( http:\/\/carrental.ba\/wp-content\/uploads\/2023\/09\/bezproblema.jpg ); \"><div class=\"content\" style=\"height: 400px;\"><h3 class=\"title\"><span>Privatni voza\u010d<\/span><\/h3><div class=\"wrap_desc\"><div class=\"desc\"><\/div><div class=\"contact\"><span class=\"phone\"><\/span><span class=\"email\"><\/span><\/div><\/div><\/div><\/div>\t\t<\/div>\n\t\t\t\t<\/div>\n\t\t\t\t\t<\/div>\n\t\t<\/div>\n\t\t\t\t<div class=\"elementor-column elementor-col-50 elementor-top-column elementor-element elementor-element-36787f3\" data-id=\"36787f3\" data-element_type=\"column\">\n\t\t\t<div class=\"elementor-widget-wrap elementor-element-populated\">\n\t\t\t\t\t\t\t\t<div class=\"elementor-element elementor-element-0937d4b animated-slow elementor-invisible elementor-widget elementor-widget-ovacrs_img_skew\" data-id=\"0937d4b\" data-element_type=\"widget\" data-settings=\"{&quot;_animation&quot;:&quot;fadeInRight&quot;}\" data-widget_type=\"ovacrs_img_skew.default\">\n\t\t\t\t<div class=\"elementor-widget-container\">\n\t\t\t<div class=\"img_skew  right\" style=\"background: url( http:\/\/carrental.ba\/wp-content\/uploads\/2023\/10\/jQwTDs.jpg ); \"><div class=\"content\" style=\"height: 400px;\"><h3 class=\"title\"><span>Luxuzni transport<\/span><\/h3><div class=\"wrap_desc\"><div class=\"desc\"><\/div><div class=\"contact\"><span class=\"phone\">061 275 274<\/span><span class=\"email\">info@carrental.ba<\/span><\/div><\/div><\/div><\/div>\t\t<\/div>\n\t\t\t\t<\/div>\n\t\t\t\t\t<\/div>\n\t\t<\/div>\n\t\t\t\t\t\t\t<\/div>\n\t\t<\/section>\n\t\t\t\t<section class=\"elementor-section elementor-top-section elementor-element elementor-element-b39be76 elementor-section-full_width elementor-section-height-default elementor-section-height-default\" data-id=\"b39be76\" data-element_type=\"section\">\n\t\t\t\t\t\t<div class=\"elementor-container elementor-column-gap-default\">\n\t\t\t\t\t<div class=\"elementor-column elementor-col-100 elementor-top-column elementor-element elementor-element-e03d507\" data-id=\"e03d507\" data-element_type=\"column\" data-settings=\"{&quot;background_background&quot;:&quot;classic&quot;}\">\n\t\t\t<div class=\"elementor-widget-wrap elementor-element-populated\">\n\t\t\t\t\t\t\t\t<div class=\"elementor-element elementor-element-ed5e9cc elementor-widget elementor-widget-ovacrs_service_item\" data-id=\"ed5e9cc\" data-element_type=\"widget\" data-widget_type=\"ovacrs_service_item.default\">\n\t\t\t\t<div class=\"elementor-widget-container\">\n\t\t\t<div class=\"ireca_service_item\" style=\"background-color: #183357\"><i class=\"fas fa-cog\"><\/i><h3>POTREBNA POMO\u0106? <\/h3><\/div>\t\t<\/div>\n\t\t\t\t<\/div>\n\t\t\t\t\t<\/div>\n\t\t<\/div>\n\t\t\t\t\t\t\t<\/div>\n\t\t<\/section>\n\t\t\t\t\t\t\t<\/div>","protected":false},"excerpt":{"rendered":"<p>O NAMA CARGO Va\u0161 pouzdani partner u putovanjima. Nudimo \u0161irok spektar vrhunskih automobila, prilago\u0111enih va\u0161im potrebama. Sa fokusom na pristupa\u010dnosti, kvalitetu i sigurnosti, CarGo se isti\u010de kao brend koji pru\u017ea nezaboravno iskustvo svakom putniku. Na\u0161 tim posve\u0107enih profesionalaca uvijek je tu da vam omogu\u0107i bezbri\u017eno putovanje, bilo da je rije\u010d o poslovnim sastancima, odmoru ili [&hellip;]<\/p>","protected":false},"author":1,"featured_media":0,"parent":0,"menu_order":0,"comment_status":"closed","ping_status":"closed","template":"elementor_header_footer","meta":{"_monsterinsights_skip_tracking":false,"_monsterinsights_sitenote_active":false,"_monsterinsights_sitenote_note":"","_monsterinsights_sitenote_category":0,"footnotes":""},"class_list":["post-1296","page","type-page","status-publish","hentry"],"_links":{"self":[{"href":"https:\/\/carrental.ba\/en\/wp-json\/wp\/v2\/pages\/1296","targetHints":{"allow":["GET"]}}],"collection":[{"href":"https:\/\/carrental.ba\/en\/wp-json\/wp\/v2\/pages"}],"about":[{"href":"https:\/\/carrental.ba\/en\/wp-json\/wp\/v2\/types\/page"}],"author":[{"embeddable":true,"href":"https:\/\/carrental.ba\/en\/wp-json\/wp\/v2\/users\/1"}],"replies":[{"embeddable":true,"href":"https:\/\/carrental.ba\/en\/wp-json\/wp\/v2\/comments?post=1296"}],"version-history":[{"count":62,"href":"https:\/\/carrental.ba\/en\/wp-json\/wp\/v2\/pages\/1296\/revisions"}],"predecessor-version":[{"id":3944,"href":"https:\/\/carrental.ba\/en\/wp-json\/wp\/v2\/pages\/1296\/revisions\/3944"}],"wp:attachment":[{"href":"https:\/\/carrental.ba\/en\/wp-json\/wp\/v2\/media?parent=1296"}],"curies":[{"name":"wp","href":"https:\/\/api.w.org\/{rel}","templated":true}]}}